{"id":21,"date":"2023-06-13T05:48:47","date_gmt":"2023-06-13T05:48:47","guid":{"rendered":"http:\/\/www.ganeshrokycany.cz\/?page_id=21"},"modified":"2026-04-05T09:03:29","modified_gmt":"2026-04-05T09:03:29","slug":"kde-nas-najdete","status":"publish","type":"page","link":"https:\/\/www.ganeshrokycany.cz\/?page_id=21","title":{"rendered":"Kde n\u00e1s najdete"},"content":{"rendered":"\n<h3 class=\"wp-block-heading\"><\/h3>\n\n\n\n<div class=\"wp-block-columns is-layout-flex wp-container-core-columns-is-layout-9d6595d7 wp-block-columns-is-layout-flex\">\n<div class=\"wp-block-column is-layout-flow wp-block-column-is-layout-flow\">\n<p class=\"has-large-font-size\"><strong>Masarykovo n\u00e1m. 133<br>337 01 Rokycany<\/strong><\/p>\n\n\n\n<p class=\"has-medium-font-size\"><strong><mark style=\"background-color:rgba(0, 0, 0, 0)\" class=\"has-inline-color has-vivid-red-color\">PO\u2013SO 11\u201321 hod. | NE zav\u0159eno<\/mark><\/strong><\/p>\n\n\n\n<p class=\"has-medium-font-size\">rezervace a objedn\u00e1vky j\u00eddla<br><strong><mark style=\"background-color:rgba(0, 0, 0, 0)\" class=\"has-inline-color has-vivid-red-color\">T: 720 678 970<\/mark><\/strong><\/p>\n<\/div>\n\n\n\n<div class=\"wp-block-column is-layout-flow wp-block-column-is-layout-flow\">\n<figure class=\"wp-block-gallery has-nested-images columns-default is-cropped wp-block-gallery-1 is-layout-flex wp-block-gallery-is-layout-flex\">\n<figure class=\"wp-block-image size-large\"><img loading=\"lazy\" decoding=\"async\" width=\"759\" height=\"558\" data-id=\"92\" src=\"https:\/\/www.ganeshrokycany.cz\/wp-content\/uploads\/2023\/08\/mapa.jpg\" alt=\"\" class=\"wp-image-92\" srcset=\"https:\/\/www.ganeshrokycany.cz\/wp-content\/uploads\/2023\/08\/mapa.jpg 759w, https:\/\/www.ganeshrokycany.cz\/wp-content\/uploads\/2023\/08\/mapa-300x221.jpg 300w\" sizes=\"auto, (max-width: 759px) 100vw, 759px\" \/><\/figure>\n<\/figure>\n<\/div>\n<\/div>\n\n\n\n<p><\/p>\n\n\n\n<hr class=\"wp-block-separator has-alpha-channel-opacity is-style-default\"\/>\n\n\n\n<p>provozovatel:   Welcome Nepal s.r.o., I\u010c: 14174430<br><\/p>\n\n\n\n<figure class=\"wp-block-image size-large\"><img loading=\"lazy\" decoding=\"async\" width=\"1024\" height=\"682\" src=\"http:\/\/www.ganeshrokycany.cz\/wp-content\/uploads\/2023\/08\/G4-1024x682.jpeg\" alt=\"\" class=\"wp-image-74\" srcset=\"https:\/\/www.ganeshrokycany.cz\/wp-content\/uploads\/2023\/08\/G4-1024x682.jpeg 1024w, https:\/\/www.ganeshrokycany.cz\/wp-content\/uploads\/2023\/08\/G4-300x200.jpeg 300w, https:\/\/www.ganeshrokycany.cz\/wp-content\/uploads\/2023\/08\/G4-768x512.jpeg 768w, https:\/\/www.ganeshrokycany.cz\/wp-content\/uploads\/2023\/08\/G4.jpeg 1418w\" sizes=\"auto, (max-width: 1024px) 100vw, 1024px\" \/><\/figure>\n\n\n\n<p><\/p>\n\n\n\n<figure class=\"wp-block-gallery has-nested-images columns-default is-cropped wp-block-gallery-2 is-layout-flex wp-block-gallery-is-layout-flex\">\n<figure class=\"wp-block-image size-large\"><img loading=\"lazy\" decoding=\"async\" width=\"1024\" height=\"682\" data-id=\"73\" src=\"https:\/\/www.ganeshrokycany.cz\/wp-content\/uploads\/2023\/08\/G3-1024x682.jpeg\" alt=\"\" class=\"wp-image-73\" srcset=\"https:\/\/www.ganeshrokycany.cz\/wp-content\/uploads\/2023\/08\/G3-1024x682.jpeg 1024w, https:\/\/www.ganeshrokycany.cz\/wp-content\/uploads\/2023\/08\/G3-300x200.jpeg 300w, https:\/\/www.ganeshrokycany.cz\/wp-content\/uploads\/2023\/08\/G3-768x512.jpeg 768w, https:\/\/www.ganeshrokycany.cz\/wp-content\/uploads\/2023\/08\/G3.jpeg 1112w\" sizes=\"auto, (max-width: 1024px) 100vw, 1024px\" \/><\/figure>\n\n\n\n<figure class=\"wp-block-image size-large\"><img loading=\"lazy\" decoding=\"async\" width=\"1024\" height=\"683\" data-id=\"72\" src=\"https:\/\/www.ganeshrokycany.cz\/wp-content\/uploads\/2023\/08\/G2-1024x683.jpeg\" alt=\"\" class=\"wp-image-72\" srcset=\"https:\/\/www.ganeshrokycany.cz\/wp-content\/uploads\/2023\/08\/G2-1024x683.jpeg 1024w, https:\/\/www.ganeshrokycany.cz\/wp-content\/uploads\/2023\/08\/G2-300x200.jpeg 300w, https:\/\/www.ganeshrokycany.cz\/wp-content\/uploads\/2023\/08\/G2-768x512.jpeg 768w, https:\/\/www.ganeshrokycany.cz\/wp-content\/uploads\/2023\/08\/G2.jpeg 1459w\" sizes=\"auto, (max-width: 1024px) 100vw, 1024px\" \/><\/figure>\n<\/figure>\n","protected":false},"excerpt":{"rendered":"<p>Masarykovo n\u00e1m. 133337 01 Rokycany PO\u2013SO 11\u201321 hod. | NE zav\u0159eno rezervace a objedn\u00e1vky j\u00eddlaT: 720 678 970 provozovatel: Welcome Nepal s.r.o., I\u010c: 14174430<\/p>\n","protected":false},"author":1,"featured_media":0,"parent":0,"menu_order":0,"comment_status":"closed","ping_status":"closed","template":"","meta":{"footnotes":""},"class_list":["post-21","page","type-page","status-publish"],"_links":{"self":[{"href":"https:\/\/www.ganeshrokycany.cz\/index.php?rest_route=\/wp\/v2\/pages\/21","targetHints":{"allow":["GET"]}}],"collection":[{"href":"https:\/\/www.ganeshrokycany.cz\/index.php?rest_route=\/wp\/v2\/pages"}],"about":[{"href":"https:\/\/www.ganeshrokycany.cz\/index.php?rest_route=\/wp\/v2\/types\/page"}],"author":[{"embeddable":true,"href":"https:\/\/www.ganeshrokycany.cz\/index.php?rest_route=\/wp\/v2\/users\/1"}],"replies":[{"embeddable":true,"href":"https:\/\/www.ganeshrokycany.cz\/index.php?rest_route=%2Fwp%2Fv2%2Fcomments&post=21"}],"version-history":[{"count":21,"href":"https:\/\/www.ganeshrokycany.cz\/index.php?rest_route=\/wp\/v2\/pages\/21\/revisions"}],"predecessor-version":[{"id":137,"href":"https:\/\/www.ganeshrokycany.cz\/index.php?rest_route=\/wp\/v2\/pages\/21\/revisions\/137"}],"wp:attachment":[{"href":"https:\/\/www.ganeshrokycany.cz\/index.php?rest_route=%2Fwp%2Fv2%2Fmedia&parent=21"}],"curies":[{"name":"wp","href":"https:\/\/api.w.org\/{rel}","templated":true}]}}